{"id":120,"date":"2026-01-02T15:36:20","date_gmt":"2026-01-02T14:36:20","guid":{"rendered":"https:\/\/cabinet-orthopedie-catalane.fr\/?page_id=120"},"modified":"2026-01-11T15:48:46","modified_gmt":"2026-01-11T14:48:46","slug":"nous-contacter","status":"publish","type":"page","link":"https:\/\/cabinet-orthopedie-catalane.fr\/?page_id=120","title":{"rendered":"Nous Contacter"},"content":{"rendered":"\n<div class=\"wp-block-cover\"><img loading=\"lazy\" decoding=\"async\" width=\"960\" height=\"540\" class=\"wp-block-cover__image-background wp-image-121\" alt=\"\" src=\"https:\/\/cabinet-orthopedie-catalane.fr\/wp-content\/uploads\/2026\/01\/mediCanet.jpg\" data-object-fit=\"cover\" srcset=\"https:\/\/cabinet-orthopedie-catalane.fr\/wp-content\/uploads\/2026\/01\/mediCanet.jpg 960w, https:\/\/cabinet-orthopedie-catalane.fr\/wp-content\/uploads\/2026\/01\/mediCanet-300x169.jpg 300w, https:\/\/cabinet-orthopedie-catalane.fr\/wp-content\/uploads\/2026\/01\/mediCanet-768x432.jpg 768w\" sizes=\"auto, (max-width: 960px) 100vw, 960px\" \/><span aria-hidden=\"true\" class=\"wp-block-cover__background has-background-dim\"><\/span><div class=\"wp-block-cover__inner-container is-layout-flow wp-block-cover-is-layout-flow\">\n<p class=\"has-text-align-center has-large-font-size\"><\/p>\n<\/div><\/div>\n\n\n\n<div class=\"wp-block-group alignfull has-global-padding is-layout-constrained wp-block-group-is-layout-constrained\">\n<p><\/p>\n\n\n\n<blockquote class=\"wp-block-quote alignwide is-layout-flow wp-block-quote-is-layout-flow\">\n<p class=\"has-text-align-center\">Nous sommes disponibles \u00e0 tout moment pour r\u00e9pondre \u00e0 vos besoins, y compris en cas d\u2019urgence. <\/p>\n\n\n\n<p class=\"has-text-align-center\">N\u2019h\u00e9sitez pas \u00e0 nous appeler directement ou \u00e0 prendre rendez-vous en ligne. <\/p>\n\n\n\n<p class=\"has-text-align-center\">Nous sommes l\u00e0 pour vous, \u00e0 votre service.<\/p>\n<\/blockquote>\n<\/div>\n\n\n\n<div class=\"wp-block-group alignfull has-global-padding is-layout-constrained wp-container-core-group-is-layout-0747478d wp-block-group-is-layout-constrained\" style=\"padding-top:var(--wp--preset--spacing--50);padding-right:var(--wp--preset--spacing--50);padding-bottom:var(--wp--preset--spacing--50);padding-left:var(--wp--preset--spacing--50)\">\n<div class=\"wp-block-columns alignwide is-layout-flex wp-container-core-columns-is-layout-ff4b9c61 wp-block-columns-is-layout-flex\" style=\"margin-top:0;margin-bottom:0\">\n<div class=\"wp-block-column is-layout-flow wp-container-core-column-is-layout-8a368f38 wp-block-column-is-layout-flow\">\n<div class=\"wp-block-query is-layout-flow wp-block-query-is-layout-flow\"><ul class=\"wp-block-post-template is-layout-flow wp-container-core-post-template-is-layout-dc68bcd2 wp-block-post-template-is-layout-flow\"><li class=\"wp-block-post post-1 post type-post status-publish format-standard hentry category-non-classe\">\n\n<iframe src=\"https:\/\/www.google.com\/maps\/embed?pb=!1m18!1m12!1m3!1d5864.024733344479!2d3.012199076957058!3d42.703458913336014!2m3!1f0!2f0!3f0!3m2!1i1024!2i768!4f13.1!3m3!1m2!1s0x12b0648174a8d0f1%3A0xa7e667601d1aee49!2s48%20Av.%20Joseph%20Sauvy%2C%2066140%20Canet-en-Roussillon!5e0!3m2!1sfr!2sfr!4v1766824735000!5m2!1sfr!2sfr\" width=\"600\" height=\"450\" style=\"border:0;\" allowfullscreen=\"\" loading=\"lazy\" referrerpolicy=\"no-referrer-when-downgrade\"><\/iframe>\n\n<\/li><\/ul><\/div>\n<\/div>\n\n\n\n<div class=\"wp-block-column is-layout-flow wp-container-core-column-is-layout-8736a895 wp-block-column-is-layout-flow\" style=\"padding-top:0\">\n<div class=\"wp-block-query is-layout-flow wp-block-query-is-layout-flow\">\n<p>48 Avenue Joseph Sauvy &#8211; M\u00e9dicanet B\u00e2timent 1 <\/p>\n\n\n\n<p>66140 Canet en Roussillon <\/p>\n\n\n\n<p>06 &#8211; 24 &#8211; 34 &#8211; 68 &#8211; 67<\/p>\n\n\n\n<p>contact(@)cabinet-orthopedie-catalane.fr<\/p>\n<\/div>\n<\/div>\n<\/div>\n<\/div>\n\n\n\n<div class=\"wp-block-columns alignwide is-layout-flex wp-container-core-columns-is-layout-28f84493 wp-block-columns-is-layout-flex\">\n<div class=\"wp-block-column is-layout-flow wp-block-column-is-layout-flow\" style=\"flex-basis:100%\">\n<h2 class=\"wp-block-heading has-text-align-center\">Horaires<\/h2>\n\n\n\n<p class=\"has-text-align-center\">Du Lundi au Vendredi de 8h30 \u00e0 19h30 <\/p>\n\n\n\n<p class=\"has-text-align-center\">Le Samedi de 9h00 \u00e0 13h00<\/p>\n<\/div>\n<\/div>\n\n\n\n<figure class=\"wp-block-image aligncenter size-thumbnail is-resized\"><a href=\"https:\/\/www.doctolib.fr\/orthopediste-orthesiste\/saint-esteve\/matthieu-grislain\"><img loading=\"lazy\" decoding=\"async\" width=\"150\" height=\"150\" src=\"https:\/\/cabinet-orthopedie-catalane.fr\/wp-content\/uploads\/2025\/12\/images-150x150.png\" alt=\"\" class=\"wp-image-20\" style=\"object-fit:cover;width:142px;height:auto\"\/><\/a><\/figure>\n\n\n\n<figure class=\"wp-block-image aligncenter size-thumbnail is-resized\"><a href=\"https:\/\/www.instagram.com\/cabinet_orthopedie_catalane\/\"><img loading=\"lazy\" decoding=\"async\" width=\"150\" height=\"150\" src=\"https:\/\/cabinet-orthopedie-catalane.fr\/wp-content\/uploads\/2025\/12\/cabinet_orthopedie_catalane_qr-2-150x150.png\" alt=\"instagram\" class=\"wp-image-18\" style=\"width:129px;height:auto\"\/><\/a><figcaption class=\"wp-element-caption\">instagram<\/figcaption><\/figure>\n","protected":false},"excerpt":{"rendered":"<p>Nous sommes disponibles \u00e0 tout moment pour r\u00e9pondre \u00e0 vos besoins, y compris en cas d\u2019urgence. N\u2019h\u00e9sitez pas \u00e0 nous appeler directement ou \u00e0 prendre rendez-vous en ligne. Nous sommes l\u00e0 pour vous, \u00e0 votre service. Horaires Du Lundi au Vendredi de 8h30 \u00e0 19h30 Le Samedi de 9h00 \u00e0 13h00<\/p>\n","protected":false},"author":1,"featured_media":0,"parent":0,"menu_order":0,"comment_status":"closed","ping_status":"closed","template":"","meta":{"footnotes":""},"class_list":["post-120","page","type-page","status-publish","hentry"],"_links":{"self":[{"href":"https:\/\/cabinet-orthopedie-catalane.fr\/index.php?rest_route=\/wp\/v2\/pages\/120","targetHints":{"allow":["GET"]}}],"collection":[{"href":"https:\/\/cabinet-orthopedie-catalane.fr\/index.php?rest_route=\/wp\/v2\/pages"}],"about":[{"href":"https:\/\/cabinet-orthopedie-catalane.fr\/index.php?rest_route=\/wp\/v2\/types\/page"}],"author":[{"embeddable":true,"href":"https:\/\/cabinet-orthopedie-catalane.fr\/index.php?rest_route=\/wp\/v2\/users\/1"}],"replies":[{"embeddable":true,"href":"https:\/\/cabinet-orthopedie-catalane.fr\/index.php?rest_route=%2Fwp%2Fv2%2Fcomments&post=120"}],"version-history":[{"count":7,"href":"https:\/\/cabinet-orthopedie-catalane.fr\/index.php?rest_route=\/wp\/v2\/pages\/120\/revisions"}],"predecessor-version":[{"id":159,"href":"https:\/\/cabinet-orthopedie-catalane.fr\/index.php?rest_route=\/wp\/v2\/pages\/120\/revisions\/159"}],"wp:attachment":[{"href":"https:\/\/cabinet-orthopedie-catalane.fr\/index.php?rest_route=%2Fwp%2Fv2%2Fmedia&parent=120"}],"curies":[{"name":"wp","href":"https:\/\/api.w.org\/{rel}","templated":true}]}}