{"id":50,"date":"2025-12-27T09:35:18","date_gmt":"2025-12-27T08:35:18","guid":{"rendered":"https:\/\/cabinet-orthopedie-catalane.fr\/?page_id=50"},"modified":"2026-01-11T14:46:56","modified_gmt":"2026-01-11T13:46:56","slug":"services","status":"publish","type":"page","link":"https:\/\/cabinet-orthopedie-catalane.fr\/?page_id=50","title":{"rendered":"SERVICES"},"content":{"rendered":"\n<div class=\"wp-block-group alignfull has-accent-background-color has-background has-global-padding is-layout-constrained wp-container-core-group-is-layout-669513ed wp-block-group-is-layout-constrained\" style=\"margin-top:0;margin-bottom:0;padding-top:var(--wp--preset--spacing--50);padding-right:var(--wp--preset--spacing--50);padding-bottom:var(--wp--preset--spacing--50);padding-left:var(--wp--preset--spacing--50)\">\n<div class=\"wp-block-columns alignwide is-layout-flex wp-container-core-columns-is-layout-1da03c2a wp-block-columns-is-layout-flex\">\n<div class=\"wp-block-column is-vertically-aligned-stretch is-layout-flow wp-block-column-is-layout-flow\" style=\"flex-basis:50%\">\n<h2 class=\"wp-block-heading\" id=\"Semelle\">Semelle Orthop\u00e9dique<\/h2>\n\n\n\n\n\n\n\n\n\n<p>Nos semelles orthop\u00e9diques sont r\u00e9alis\u00e9es directement sur vous par thermomoulage, pour un ajustement adapt\u00e9 \u00e0 votre morphologie. Apr\u00e8s un examen podologique complet, nous cr\u00e9ons des semelles sur mesure qui corrigent les appuis, am\u00e9liorent la posture et soulagent durablement vos douleurs. <\/p>\n\n\n\n<p>Nous prenons en charges diverses pathologies, tant chez l&rsquo;adulte que chez l&rsquo;enfant. <\/p>\n\n\n\n<p>Chez l&rsquo;adulte, nos semelles corrigent des affections telles que l&rsquo;<strong>Hallux Valgus<\/strong>, les <strong>\u00e9pines calcan\u00e9ennes<\/strong>, la <strong>fascite plantaire<\/strong>,  l&rsquo;<strong>instabilit\u00e9 de cheville<\/strong> ou encore l&rsquo;in\u00e9galit\u00e9 de longueur des jambes, et bien d&rsquo;autres pathologies. <\/p>\n\n\n\n<p>Chez l&rsquo;enfant, elles soutiennent la croissance, aident \u00e0 pr\u00e9venir mais aussi \u00e0 traiter la <strong>maladie de Sever<\/strong>, la <strong>maladie d&rsquo;Osgood-Schlatter<\/strong>, ainsi que d&rsquo;autres <strong>affections p\u00e9diatriques<\/strong> comme les <strong>douleurs de croissance<\/strong>, les <strong>d\u00e9saxements<\/strong> lors de la pouss\u00e9e, et les <strong>troubles de l&rsquo;alignement postural<\/strong>. <\/p>\n\n\n\n<p>Ainsi, nos semelles apportent un confort optimal et une meilleure qualit\u00e9 de vie, en s&rsquo;adaptant aux besoins sp\u00e9cifiques de chaque patient. <\/p>\n<\/div>\n\n\n\n<div class=\"wp-block-column is-vertically-aligned-center is-layout-flow wp-block-column-is-layout-flow\" style=\"flex-basis:50%\">\n<div class=\"wp-block-columns is-layout-flex wp-container-core-columns-is-layout-28f84493 wp-block-columns-is-layout-flex\">\n<div class=\"wp-block-column is-layout-flow wp-block-column-is-layout-flow\" style=\"flex-basis:100%\">\n<div class=\"wp-block-cover is-light\" style=\"min-height:624px;aspect-ratio:unset;\"><img loading=\"lazy\" decoding=\"async\" width=\"600\" height=\"401\" class=\"wp-block-cover__image-background wp-image-23 size-full\" alt=\"\" src=\"https:\/\/cabinet-orthopedie-catalane.fr\/wp-content\/uploads\/2025\/12\/woman-fitting-orthopedic-insole-on-600nw-2459633573.jpg.webp\" data-object-fit=\"cover\" srcset=\"https:\/\/cabinet-orthopedie-catalane.fr\/wp-content\/uploads\/2025\/12\/woman-fitting-orthopedic-insole-on-600nw-2459633573.jpg.webp 600w, https:\/\/cabinet-orthopedie-catalane.fr\/wp-content\/uploads\/2025\/12\/woman-fitting-orthopedic-insole-on-600nw-2459633573.jpg-300x201.webp 300w\" sizes=\"auto, (max-width: 600px) 100vw, 600px\" \/><span aria-hidden=\"true\" class=\"wp-block-cover__background has-background-dim\" style=\"background-color:#e0d4d0\"><\/span><div class=\"wp-block-cover__inner-container is-layout-flow wp-block-cover-is-layout-flow\">\n<div class=\"wp-block-group has-global-padding is-layout-constrained wp-block-group-is-layout-constrained\">\n<div class=\"wp-block-columns is-layout-flex wp-container-core-columns-is-layout-28f84493 wp-block-columns-is-layout-flex\">\n<div class=\"wp-block-column is-layout-flow wp-block-column-is-layout-flow\" style=\"flex-basis:100%\">\n<div class=\"wp-block-group is-vertical is-layout-flex wp-container-core-group-is-layout-fe9cc265 wp-block-group-is-layout-flex\">\n<div class=\"wp-block-columns is-layout-flex wp-container-core-columns-is-layout-28f84493 wp-block-columns-is-layout-flex\">\n<div class=\"wp-block-column is-layout-flow wp-block-column-is-layout-flow\" style=\"flex-basis:100%\">\n<div class=\"wp-block-group has-global-padding is-layout-constrained wp-block-group-is-layout-constrained\">\n<div class=\"wp-block-columns is-layout-flex wp-container-core-columns-is-layout-28f84493 wp-block-columns-is-layout-flex\">\n<div class=\"wp-block-column is-layout-flow wp-block-column-is-layout-flow\" style=\"flex-basis:100%\"><\/div>\n<\/div>\n<\/div>\n<\/div>\n<\/div>\n<\/div>\n<\/div>\n<\/div>\n<\/div>\n<\/div><\/div>\n<\/div>\n<\/div>\n<\/div>\n<\/div>\n<\/div>\n\n\n\n<div class=\"wp-block-group alignfull has-base-background-color has-background has-global-padding is-layout-constrained wp-container-core-group-is-layout-d89aad35 wp-block-group-is-layout-constrained\" style=\"margin-top:0;margin-bottom:0;padding-top:var(--wp--preset--spacing--50);padding-right:var(--wp--preset--spacing--50);padding-bottom:var(--wp--preset--spacing--50);padding-left:var(--wp--preset--spacing--50)\">\n<div class=\"wp-block-columns alignwide is-layout-flex wp-container-core-columns-is-layout-549b0c86 wp-block-columns-is-layout-flex\">\n<div class=\"wp-block-column has-global-padding is-content-justification-left is-layout-constrained wp-container-core-column-is-layout-4f15e8fe wp-block-column-is-layout-constrained\" style=\"flex-basis:40%\">\n<figure class=\"wp-block-image alignfull size-large\"><img loading=\"lazy\" decoding=\"async\" width=\"683\" height=\"1024\" src=\"https:\/\/cabinet-orthopedie-catalane.fr\/wp-content\/uploads\/2025\/12\/62aed0ce-0bab-432b-841f-9fb016460a7b-683x1024.png\" alt=\"\" class=\"wp-image-29\" srcset=\"https:\/\/cabinet-orthopedie-catalane.fr\/wp-content\/uploads\/2025\/12\/62aed0ce-0bab-432b-841f-9fb016460a7b-683x1024.png 683w, https:\/\/cabinet-orthopedie-catalane.fr\/wp-content\/uploads\/2025\/12\/62aed0ce-0bab-432b-841f-9fb016460a7b-200x300.png 200w, https:\/\/cabinet-orthopedie-catalane.fr\/wp-content\/uploads\/2025\/12\/62aed0ce-0bab-432b-841f-9fb016460a7b-768x1152.png 768w, https:\/\/cabinet-orthopedie-catalane.fr\/wp-content\/uploads\/2025\/12\/62aed0ce-0bab-432b-841f-9fb016460a7b.png 1024w\" sizes=\"auto, (max-width: 683px) 100vw, 683px\" \/><\/figure>\n<\/div>\n\n\n\n<div class=\"wp-block-column is-layout-flow wp-container-core-column-is-layout-119bc444 wp-block-column-is-layout-flow\" style=\"flex-basis:60%\">\n<p class=\"has-heading-font-family has-x-large-font-size\" id=\"Orthese\" style=\"line-height:1.2\">Orth\u00e8se de main sur mesure <\/p>\n\n\n\n<div class=\"wp-block-columns is-layout-flex wp-container-core-columns-is-layout-87beb0d0 wp-block-columns-is-layout-flex\">\n<div class=\"wp-block-column is-layout-flow wp-block-column-is-layout-flow\">\n<p class=\"wp-container-content-9cfa9a5a\">Nous r\u00e9alisons des orth\u00e8ses de main enti\u00e8rement adapt\u00e9es \u00e0 votre pathologie et \u00e0 votre morphologie. Confectionn\u00e9es sur mesure, elles permettent de stabiliser, immobiliser ou corriger un articulation tout en pr\u00e9servant le confort et la mobilit\u00e9 n\u00e9cessaire au quotidien. <\/p>\n\n\n\n<p>Chaque orth\u00e8se est con\u00e7ue apr\u00e8s un bilan pr\u00e9cis afin d&rsquo;accompagner efficacement la r\u00e9cup\u00e9ration, diminuer la douleur et optimiser la fonction de la main. <\/p>\n<\/div>\n\n\n\n<div class=\"wp-block-column is-layout-flow wp-block-column-is-layout-flow\">\n<p>Nous prenons en charge une large gamme de pathologies, telles que la <strong>Rhizarthrose<\/strong>, le <strong>Syndrome du Canal Carpien<\/strong>, la <strong>Maladie de Dupuytren<\/strong>, <strong>Tendinite de DE Quervain<\/strong>,<strong> l&rsquo;\u00c9picondylite <\/strong>lat\u00e9rale ou m\u00e9diale du coude,               ainsi que les <strong>fractures<\/strong>, les <strong>entorses<\/strong>,                             le <strong>doigt \u00e0 ressaut<\/strong>, le <strong>Mallet Finger<\/strong>, et bien d&rsquo;autres encore. Gr\u00e2ce \u00e0 cette approche personnalis\u00e9e, nos orth\u00e8ses assurent un traitement efficace et confortable. Elles peuvent \u00eatre utilis\u00e9es au quotidien , en post-op\u00e9ratoire, apr\u00e8s une chirurgie, ou lors de la r\u00e9\u00e9ducation, s&rsquo;adaptant et \u00e9voluant avec vous \u00e0 chaque \u00e9tape de votre vie. <\/p>\n<\/div>\n<\/div>\n<\/div>\n<\/div>\n\n\n\n<div class=\"wp-block-group alignfull has-accent-5-background-color has-background has-global-padding is-layout-constrained wp-container-core-group-is-layout-d89aad35 wp-block-group-is-layout-constrained\" style=\"margin-top:0;margin-bottom:0;padding-top:var(--wp--preset--spacing--50);padding-right:var(--wp--preset--spacing--50);padding-bottom:var(--wp--preset--spacing--50);padding-left:var(--wp--preset--spacing--50)\">\n<div class=\"wp-block-columns alignwide is-layout-flex wp-container-core-columns-is-layout-1da03c2a wp-block-columns-is-layout-flex\">\n<div class=\"wp-block-column is-vertically-aligned-center is-layout-flow wp-block-column-is-layout-flow\" style=\"flex-basis:60%\">\n<figure class=\"wp-block-image aligncenter size-full is-resized is-style-rounded wp-duotone-duotone-1 is-style-rounded--1\"><img loading=\"lazy\" decoding=\"async\" width=\"1620\" height=\"911\" src=\"https:\/\/cabinet-orthopedie-catalane.fr\/wp-content\/uploads\/2025\/12\/2PLKX7JKTJAQRPE4VPBBDUR6IQ-1.jpg\" alt=\"\" class=\"wp-image-57\" style=\"aspect-ratio:1.3333333333333333;object-fit:cover;width:416px;height:auto\" srcset=\"https:\/\/cabinet-orthopedie-catalane.fr\/wp-content\/uploads\/2025\/12\/2PLKX7JKTJAQRPE4VPBBDUR6IQ-1.jpg 1620w, https:\/\/cabinet-orthopedie-catalane.fr\/wp-content\/uploads\/2025\/12\/2PLKX7JKTJAQRPE4VPBBDUR6IQ-1-300x169.jpg 300w, https:\/\/cabinet-orthopedie-catalane.fr\/wp-content\/uploads\/2025\/12\/2PLKX7JKTJAQRPE4VPBBDUR6IQ-1-1024x576.jpg 1024w, https:\/\/cabinet-orthopedie-catalane.fr\/wp-content\/uploads\/2025\/12\/2PLKX7JKTJAQRPE4VPBBDUR6IQ-1-768x432.jpg 768w, https:\/\/cabinet-orthopedie-catalane.fr\/wp-content\/uploads\/2025\/12\/2PLKX7JKTJAQRPE4VPBBDUR6IQ-1-1536x864.jpg 1536w\" sizes=\"auto, (max-width: 1620px) 100vw, 1620px\" \/><\/figure>\n<\/div>\n\n\n\n<div class=\"wp-block-column is-layout-flow wp-block-column-is-layout-flow\" style=\"flex-basis:40%\">\n<h2 class=\"wp-block-heading\" id=\"Ceinture\">Ceinture sur mesure <\/h2>\n\n\n\n<p>Vous en avez marre des ceintures standard qui ne s\u2019adaptent pas \u00e0 votre morphologie ou qui ne soulagent pas vos douleurs ?                                                       Optez pour nos ceintures sur-mesure! Con\u00e7ues sp\u00e9cialement pour s\u2019adapter \u00e0 votre anatomie, elles apportent un soulagement efficace en cas de lombalgies, sciatiques, cruralgies et autres pathologies. Gr\u00e2ce \u00e0 une conception sur-mesure, elles offrent un confort optimal au quotidien, m\u00eame pour les morphologies atypiques qui ne trouvent pas leur bonheur dans les mod\u00e8les standards.<\/p>\n\n\n\n<p>Faites le choix de l\u2019expertise et du sur-mesure pour am\u00e9liorer votre qualit\u00e9 de vie et retrouver un bien-\u00eatre durable.<\/p>\n\n\n\n<div class=\"wp-block-buttons is-layout-flex wp-block-buttons-is-layout-flex\"><\/div>\n<\/div>\n<\/div>\n<\/div>\n<\/div>\n\n\n\n<div class=\"wp-block-group alignfull has-base-background-color has-background has-global-padding is-layout-constrained wp-container-core-group-is-layout-d89aad35 wp-block-group-is-layout-constrained\" style=\"margin-top:0;margin-bottom:0;padding-top:var(--wp--preset--spacing--50);padding-right:var(--wp--preset--spacing--50);padding-bottom:var(--wp--preset--spacing--50);padding-left:var(--wp--preset--spacing--50)\">\n<div class=\"wp-block-columns alignwide is-layout-flex wp-container-core-columns-is-layout-549b0c86 wp-block-columns-is-layout-flex\">\n<div class=\"wp-block-column has-global-padding is-content-justification-left is-layout-constrained wp-container-core-column-is-layout-4f15e8fe wp-block-column-is-layout-constrained\" style=\"flex-basis:40%\">\n<figure class=\"wp-block-image alignleft size-full\"><img loading=\"lazy\" decoding=\"async\" width=\"767\" height=\"923\" src=\"https:\/\/cabinet-orthopedie-catalane.fr\/wp-content\/uploads\/2025\/12\/bloc-clinique-orthoplastie.jpg-copie-1.jpg\" alt=\"\" class=\"wp-image-60\" srcset=\"https:\/\/cabinet-orthopedie-catalane.fr\/wp-content\/uploads\/2025\/12\/bloc-clinique-orthoplastie.jpg-copie-1.jpg 767w, https:\/\/cabinet-orthopedie-catalane.fr\/wp-content\/uploads\/2025\/12\/bloc-clinique-orthoplastie.jpg-copie-1-249x300.jpg 249w\" sizes=\"auto, (max-width: 767px) 100vw, 767px\" \/><\/figure>\n<\/div>\n\n\n\n<div class=\"wp-block-column is-layout-flow wp-container-core-column-is-layout-119bc444 wp-block-column-is-layout-flow\" style=\"flex-basis:60%\">\n<p class=\"has-heading-font-family has-x-large-font-size\" id=\"Orthoplastie\" style=\"line-height:1.2\">Orthoplastie <\/p>\n\n\n\n<div class=\"wp-block-columns is-layout-flex wp-container-core-columns-is-layout-87beb0d0 wp-block-columns-is-layout-flex\">\n<div class=\"wp-block-column is-layout-flow wp-block-column-is-layout-flow\">\n<p class=\"wp-container-content-9cfa9a5a\">L&rsquo;orthoplastie consiste \u00e0 cr\u00e9er des protections en silicone sur mesure pour soulager les zones de frottement, les d\u00e9formations ou les douleurs des orteils. <\/p>\n\n\n\n<p>R\u00e9alis\u00e9e directement sur le pied, elle permet d&rsquo;adapter parfaitement la forme et l&rsquo;\u00e9paisseur \u00e0 votre besoin. Elle est particuli\u00e8rement utile en cas d&rsquo;Hallux Valgus, pour r\u00e9duire les conflits et am\u00e9liorer le confort dans la chaussure. <\/p>\n\n\n\n<p>Une solution discr\u00e8te, efficace et personnalis\u00e9e pour prot\u00e9ger et soulager au quotidien. <\/p>\n<\/div>\n<\/div>\n<\/div>\n<\/div>\n\n\n\n<div class=\"wp-block-group alignfull has-accent-5-background-color has-background has-global-padding is-layout-constrained wp-container-core-group-is-layout-d89aad35 wp-block-group-is-layout-constrained\" style=\"margin-top:0;margin-bottom:0;padding-top:var(--wp--preset--spacing--50);padding-right:var(--wp--preset--spacing--50);padding-bottom:var(--wp--preset--spacing--50);padding-left:var(--wp--preset--spacing--50)\">\n<div class=\"wp-block-columns alignwide is-layout-flex wp-container-core-columns-is-layout-1da03c2a wp-block-columns-is-layout-flex\">\n<div class=\"wp-block-column is-vertically-aligned-center is-layout-flow wp-block-column-is-layout-flow\" style=\"flex-basis:60%\">\n<figure class=\"wp-block-image size-full is-resized is-style-rounded wp-duotone-duotone-1 is-style-rounded--2\"><img loading=\"lazy\" decoding=\"async\" width=\"600\" height=\"578\" src=\"https:\/\/cabinet-orthopedie-catalane.fr\/wp-content\/uploads\/2025\/12\/woman-wearing-compression-hosiery-medical-600nw-2461393511.jpg.webp\" alt=\"\" class=\"wp-image-24\" style=\"aspect-ratio:1.3333333333333333;object-fit:cover;width:506px;height:auto\" srcset=\"https:\/\/cabinet-orthopedie-catalane.fr\/wp-content\/uploads\/2025\/12\/woman-wearing-compression-hosiery-medical-600nw-2461393511.jpg.webp 600w, https:\/\/cabinet-orthopedie-catalane.fr\/wp-content\/uploads\/2025\/12\/woman-wearing-compression-hosiery-medical-600nw-2461393511.jpg-300x289.webp 300w\" sizes=\"auto, (max-width: 600px) 100vw, 600px\" \/><\/figure>\n<\/div>\n\n\n\n<div class=\"wp-block-column is-layout-flow wp-block-column-is-layout-flow\" style=\"flex-basis:40%\">\n<h2 class=\"wp-block-heading\" id=\"Contention\">Bas de Contention <\/h2>\n\n\n\n<p>Nous proposons des chaussettes, bas cuisse et collants de contention adapt\u00e9s \u00e0 tous, du quotidien au besoin m\u00e9dical, avec des classes de compression allant de la classe 1 \u00e0 la classe 3. <\/p>\n\n\n\n<p>Chaque dispositif est soigneusement mesur\u00e9 et ajust\u00e9 pour garantir une efficacit\u00e9 optimale, un confort durable et une bonne tol\u00e9rance tout au long de la journ\u00e9e. <\/p>\n\n\n\n<p>Nous proposons \u00e9galement des collants de maternit\u00e9 \u00e9volutifs, con\u00e7us pour accompagner la femme enceinte tout au long de sa grossesse, en respectant les changements du corps et le d\u00e9veloppement du b\u00e9b\u00e9. <\/p>\n\n\n\n<p>Tous nos produits sont s\u00e9lectionn\u00e9s pour leur qualit\u00e9, leur r\u00e9sistance et leur confort afin d&rsquo;assurer un soutien fiable et adapt\u00e9 \u00e0 chaque patient. <\/p>\n\n\n\n<div class=\"wp-block-buttons is-layout-flex wp-block-buttons-is-layout-flex\"><\/div>\n<\/div>\n<\/div>\n<\/div>\n<\/div>\n\n\n\n<div class=\"wp-block-group alignfull has-global-padding is-layout-constrained wp-container-core-group-is-layout-669513ed wp-block-group-is-layout-constrained\" style=\"margin-top:0;margin-bottom:0;padding-top:var(--wp--preset--spacing--50);padding-right:var(--wp--preset--spacing--50);padding-bottom:var(--wp--preset--spacing--50);padding-left:var(--wp--preset--spacing--50)\">\n<div class=\"wp-block-group is-nowrap is-layout-flex wp-container-core-group-is-layout-6c531013 wp-block-group-is-layout-flex\">\n<div class=\"wp-block-group is-vertical is-content-justification-center is-layout-flex wp-container-core-group-is-layout-ce155fab wp-block-group-is-layout-flex\">\n<div class=\"wp-block-group is-nowrap is-layout-flex wp-container-core-group-is-layout-bd3f9bef wp-block-group-is-layout-flex\">\n<h2 class=\"wp-block-heading has-text-align-left has-xx-large-font-size\" id=\"Posture\">Bilan Postural<\/h2>\n<\/div>\n<\/div>\n<\/div>\n\n\n\n<figure class=\"wp-block-image size-full\"><img loading=\"lazy\" decoding=\"async\" width=\"612\" height=\"384\" src=\"https:\/\/cabinet-orthopedie-catalane.fr\/wp-content\/uploads\/2025\/12\/istockphoto-1479641163-612x612-1.jpg\" alt=\"\" class=\"wp-image-21\" srcset=\"https:\/\/cabinet-orthopedie-catalane.fr\/wp-content\/uploads\/2025\/12\/istockphoto-1479641163-612x612-1.jpg 612w, https:\/\/cabinet-orthopedie-catalane.fr\/wp-content\/uploads\/2025\/12\/istockphoto-1479641163-612x612-1-300x188.jpg 300w\" sizes=\"auto, (max-width: 612px) 100vw, 612px\" \/><\/figure>\n\n\n\n<p>Nous r\u00e9alisons des bilans posturaux complets afin d&rsquo;analyser l&rsquo;\u00e9quilibre global du corps et d&rsquo;identifier l&rsquo;origine de vos douleurs ou compensations. Gr\u00e2ce \u00e0 une \u00e9valuation pr\u00e9cise de vos appuis, de votre alignement et de vos mouvements, nous d\u00e9terminons les corrections n\u00e9cessaires et vous proposons des solutions adapt\u00e9es comme des semelles ou orth\u00e8ses. Lorsque cela est pertinent, nous vous orientons \u00e9galement vers d\u2019autres professionnels de sant\u00e9, notamment des kin\u00e9sith\u00e9rapeutes, ost\u00e9opathes, orthoptistes ou des orthodontistes, afin de compl\u00e9ter l\u2019examen postural, affiner le diagnostic et optimiser la prise en charge de votre pathologie.<\/p>\n\n\n\n<p>Un bilan essentiel pour am\u00e9liorer votre confort, pr\u00e9venir les douleurs et optimiser votre posture au quotidien.<\/p>\n<\/div>\n\n\n\n<div class=\"wp-block-buttons is-layout-flex wp-block-buttons-is-layout-flex\">\n<div class=\"wp-block-button is-style-outline is-style-outline--3\"><a class=\"wp-block-button__link wp-element-button\" href=\"#top\">haut de page <\/a><\/div>\n<\/div>\n\n\n\n<p><\/p>\n","protected":false},"excerpt":{"rendered":"<p>Semelle Orthop\u00e9dique Nos semelles orthop\u00e9diques sont r\u00e9alis\u00e9es directement sur vous par thermomoulage, pour un ajustement adapt\u00e9 \u00e0 votre morphologie. Apr\u00e8s un examen podologique complet, nous cr\u00e9ons des semelles sur mesure qui corrigent les appuis, am\u00e9liorent la posture et soulagent durablement vos douleurs. Nous prenons en charges diverses pathologies, tant chez l&rsquo;adulte que chez l&rsquo;enfant. Chez [&hellip;]<\/p>\n","protected":false},"author":1,"featured_media":0,"parent":0,"menu_order":0,"comment_status":"closed","ping_status":"closed","template":"","meta":{"footnotes":""},"class_list":["post-50","page","type-page","status-publish","hentry"],"_links":{"self":[{"href":"https:\/\/cabinet-orthopedie-catalane.fr\/index.php?rest_route=\/wp\/v2\/pages\/50","targetHints":{"allow":["GET"]}}],"collection":[{"href":"https:\/\/cabinet-orthopedie-catalane.fr\/index.php?rest_route=\/wp\/v2\/pages"}],"about":[{"href":"https:\/\/cabinet-orthopedie-catalane.fr\/index.php?rest_route=\/wp\/v2\/types\/page"}],"author":[{"embeddable":true,"href":"https:\/\/cabinet-orthopedie-catalane.fr\/index.php?rest_route=\/wp\/v2\/users\/1"}],"replies":[{"embeddable":true,"href":"https:\/\/cabinet-orthopedie-catalane.fr\/index.php?rest_route=%2Fwp%2Fv2%2Fcomments&post=50"}],"version-history":[{"count":34,"href":"https:\/\/cabinet-orthopedie-catalane.fr\/index.php?rest_route=\/wp\/v2\/pages\/50\/revisions"}],"predecessor-version":[{"id":146,"href":"https:\/\/cabinet-orthopedie-catalane.fr\/index.php?rest_route=\/wp\/v2\/pages\/50\/revisions\/146"}],"wp:attachment":[{"href":"https:\/\/cabinet-orthopedie-catalane.fr\/index.php?rest_route=%2Fwp%2Fv2%2Fmedia&parent=50"}],"curies":[{"name":"wp","href":"https:\/\/api.w.org\/{rel}","templated":true}]}}